{"id":616,"date":"2025-11-01T20:20:27","date_gmt":"2025-11-01T19:20:27","guid":{"rendered":"https:\/\/www.larosedecamille.fr\/?page_id=616"},"modified":"2025-12-15T22:44:57","modified_gmt":"2025-12-15T21:44:57","slug":"mentions","status":"publish","type":"page","link":"https:\/\/www.larosedecamille.fr\/index.php\/mentions\/","title":{"rendered":"Mentions"},"content":{"rendered":"\t\t<div data-elementor-type=\"wp-page\" data-elementor-id=\"616\" class=\"elementor elementor-616\" data-elementor-post-type=\"page\">\n\t\t\t\t<div class=\"elementor-element elementor-element-bec8694 e-con-full e-flex wpr-particle-no wpr-jarallax-no wpr-parallax-no wpr-sticky-section-no wpr-equal-height-no e-con e-parent\" data-id=\"bec8694\" data-element_type=\"container\" data-e-type=\"container\">\n\t\t\t\t<div class=\"elementor-element elementor-element-275015c elementor-widget elementor-widget-heading\" data-id=\"275015c\" data-element_type=\"widget\" data-e-type=\"widget\" data-widget_type=\"heading.default\">\n\t\t\t\t\t<h2 class=\"elementor-heading-title elementor-size-default\">Mentions l\u00e9gales<\/h2>\t\t\t\t<\/div>\n\t\t\t\t<div class=\"elementor-element elementor-element-c54b167 elementor-widget elementor-widget-text-editor\" data-id=\"c54b167\" data-element_type=\"widget\" data-e-type=\"widget\" data-widget_type=\"text-editor.default\">\n\t\t\t\t\t\t\t\t\t<p style=\"text-align: center;\">En vertu de l\u2019article 6 de la loi n\u00b0 2004-575 du 21 juin 2004<br \/>pour la confiance dans l\u2019\u00e9conomie num\u00e9rique, il est pr\u00e9cis\u00e9 aux utilisateurs du site web<br \/><span style=\"color: #ffffff;\"><strong>www.larosedecamille<\/strong><\/span>.fr les identit\u00e9s et coordonn\u00e9es de l\u2019exploitant dudit site.<\/p>\t\t\t\t\t\t\t\t<\/div>\n\t\t\t\t<\/div>\n\t\t<div class=\"elementor-element elementor-element-199f491 e-flex e-con-boxed wpr-particle-no wpr-jarallax-no wpr-parallax-no wpr-sticky-section-no wpr-equal-height-no e-con e-parent\" data-id=\"199f491\" data-element_type=\"container\" data-e-type=\"container\">\n\t\t\t\t\t<div class=\"e-con-inner\">\n\t\t<div class=\"elementor-element elementor-element-cf8c861 e-con-full e-flex wpr-particle-no wpr-jarallax-no wpr-parallax-no wpr-sticky-section-no wpr-equal-height-no e-con e-child\" data-id=\"cf8c861\" data-element_type=\"container\" data-e-type=\"container\">\n\t\t\t\t<div class=\"elementor-element elementor-element-eb57c0f elementor-widget elementor-widget-text-editor\" data-id=\"eb57c0f\" data-element_type=\"widget\" data-e-type=\"widget\" data-widget_type=\"text-editor.default\">\n\t\t\t\t\t\t\t\t\t<p><span style=\"text-decoration: underline; color: #c5b336;\"><strong>Exploitant du site internet<\/strong><\/span><\/p>\n<p><span style=\"color: #cc99ff;\"><strong>Anne-Sophie DEUST (LA ROSE DE CAMILLE)<\/strong><\/span><\/p>\n<p>Si\u00e8ge social : Les Pailles Noires 61250 Menil Erreux<\/p>\n<p>RCS : Alen\u00e7on<\/p>\n<p>N\u00b0 Siret : 798 180 071 00010<\/p>\n<p>Code APE : 7410Z<\/p>\n<p>Responsable de la publication : <span style=\"color: #cc99ff;\"><strong>Anne-Sophie DEUST<\/strong><\/span><\/p>\n<p>T\u00e9l. <span style=\"color: #cc99ff;\"><strong>06 17 44 76 79<\/strong><\/span><\/p>\n<p>E-mail : <span style=\"color: #cc99ff;\"><strong>contact@larosedecamille.fr<\/strong><\/span><\/p><p><span style=\"color: #cc99ff;\"><strong><br><\/strong><\/span><\/p>\n<p>Agence Web :&nbsp;<\/p>\t\t\t\t\t\t\t\t<\/div>\n\t\t\t\t<div class=\"elementor-element elementor-element-cabdb3c elementor-widget elementor-widget-image\" data-id=\"cabdb3c\" data-element_type=\"widget\" data-e-type=\"widget\" data-widget_type=\"image.default\">\n\t\t\t\t\t\t\t\t\t\t\t\t\t\t\t\t<a href=\"https:\/\/www.fbinteractive.fr\" target=\"_blank\">\n\t\t\t\t\t\t\t<img decoding=\"async\" width=\"185\" height=\"120\" src=\"https:\/\/www.larosedecamille.fr\/wp-content\/uploads\/2025\/12\/logo_FBI.png\" class=\"attachment-full size-full wp-image-1023\" alt=\"\" \/>\t\t\t\t\t\t\t\t<\/a>\n\t\t\t\t\t\t\t\t\t\t\t\t\t\t\t<\/div>\n\t\t\t\t<div class=\"elementor-element elementor-element-3b26f49 elementor-widget elementor-widget-text-editor\" data-id=\"3b26f49\" data-element_type=\"widget\" data-e-type=\"widget\" data-widget_type=\"text-editor.default\">\n\t\t\t\t\t\t\t\t\t<p><em>8, impasse des Grouas 61500 NEAUPHE SOUS ESSAI<\/em><br \/>T\u00e9l. 06 62 27 20 53<\/p><p><strong>www.fbinteractive.fr<\/strong><\/p><p>\u00a0<\/p><p>H\u00e9bergement :<\/p><p><strong>OVH <\/strong><em>&#8211; 2, rue Kellerman &#8211; 59100 Roubaix<\/em><\/p>\t\t\t\t\t\t\t\t<\/div>\n\t\t\t\t<div class=\"elementor-element elementor-element-3528652 elementor-widget elementor-widget-image\" data-id=\"3528652\" data-element_type=\"widget\" data-e-type=\"widget\" data-widget_type=\"image.default\">\n\t\t\t\t\t\t\t\t\t\t\t\t\t\t\t<img fetchpriority=\"high\" decoding=\"async\" width=\"1000\" height=\"250\" src=\"https:\/\/www.larosedecamille.fr\/wp-content\/uploads\/2025\/11\/pngwing.com-49.png\" class=\"attachment-large size-large wp-image-646\" alt=\"\" srcset=\"https:\/\/www.larosedecamille.fr\/wp-content\/uploads\/2025\/11\/pngwing.com-49.png 1000w, https:\/\/www.larosedecamille.fr\/wp-content\/uploads\/2025\/11\/pngwing.com-49-300x75.png 300w, https:\/\/www.larosedecamille.fr\/wp-content\/uploads\/2025\/11\/pngwing.com-49-768x192.png 768w\" sizes=\"(max-width: 1000px) 100vw, 1000px\" \/>\t\t\t\t\t\t\t\t\t\t\t\t\t\t\t<\/div>\n\t\t\t\t<div class=\"elementor-element elementor-element-2f45355 elementor-widget elementor-widget-text-editor\" data-id=\"2f45355\" data-element_type=\"widget\" data-e-type=\"widget\" data-widget_type=\"text-editor.default\">\n\t\t\t\t\t\t\t\t\t<p><span style=\"text-decoration: underline; color: #c5b336;\"><strong>Conditions g\u00e9n\u00e9rales d&rsquo;utilisation du site et des services propos\u00e9s<\/strong><\/span><\/p><p>L\u2019utilisation du site internet www.larosedecamille.fr implique l\u2019acceptation pleine et enti\u00e8re des conditions g\u00e9n\u00e9rales d\u2019utilisation ci-apr\u00e8s d\u00e9crites. Ces conditions d\u2019utilisation sont susceptibles d\u2019\u00eatre modifi\u00e9es ou compl\u00e9t\u00e9es \u00e0 tout moment, les utilisateurs du site sont donc invit\u00e9s \u00e0 les consulter de mani\u00e8re r\u00e9guli\u00e8re. Ce site est normalement accessible \u00e0 tout moment aux utilisateurs. Une interruption pour raison de maintenance technique peut \u00eatre toutefois d\u00e9cid\u00e9e par l&rsquo;entreprise LA ROSE DE CAMILLE, qui s\u2019efforcera alors de communiquer pr\u00e9alablement aux utilisateurs les dates et heures de l\u2019intervention. Ce site est mis \u00e0 jour r\u00e9guli\u00e8rement par l&rsquo;entreprise LA ROSE DE CAMILLE. De la m\u00eame fa\u00e7on, les mentions l\u00e9gales peuvent \u00eatre modifi\u00e9es \u00e0 tout moment : elles s\u2019imposent n\u00e9anmoins \u00e0 l\u2019utilisateur qui est invit\u00e9 \u00e0 s\u2019y r\u00e9f\u00e9rer le plus souvent possible afin d\u2019en prendre connaissance.<\/p>\t\t\t\t\t\t\t\t<\/div>\n\t\t\t\t<\/div>\n\t\t<div class=\"elementor-element elementor-element-af0b278 e-con-full e-flex wpr-particle-no wpr-jarallax-no wpr-parallax-no wpr-sticky-section-no wpr-equal-height-no e-con e-child\" data-id=\"af0b278\" data-element_type=\"container\" data-e-type=\"container\">\n\t\t\t\t<div class=\"elementor-element elementor-element-6d1955f elementor-widget elementor-widget-text-editor\" data-id=\"6d1955f\" data-element_type=\"widget\" data-e-type=\"widget\" data-widget_type=\"text-editor.default\">\n\t\t\t\t\t\t\t\t\t<p><span style=\"text-decoration: underline; color: #c5b336;\"><strong>Utilisation des Cookies<\/strong><\/span><br \/>Ce site utilise des cookies de Google Analytics \u00e0 des fins de statistiques. Vos donn\u00e9es de navigations sur ce site sont communiqu\u00e9es \u00e0 Google Inc. de fa\u00e7on anonyme. Si vous souhaitez refuser l\u2019utilisation des cookies, vous pouvez les d\u00e9sactiver \u00e0 partir des param\u00e8tres de votre navigateur.<\/p><p><span style=\"text-decoration: underline; color: #c5b336;\"><strong>Donn\u00e9es personnelles<\/strong><\/span><br \/>Aucune information personnelle n\u2019est collect\u00e9e \u00e0 votre insu et ne sera c\u00e9d\u00e9e \u00e0 un tiers. Les donn\u00e9es personnelles recueillies sur le site r\u00e9sultent de la communication volontaire d\u2019informations via les formulaires de contact. Ces donn\u00e9es sont exclusivement collect\u00e9es pour un usage interne.<\/p><p>Conform\u00e9ment \u00e0 la loi du 6 janvier 1978 relative \u00e0 l\u2019informatique, aux fichiers et aux libert\u00e9s, vous disposez d\u2019un droit d\u2019acc\u00e8s, de modification, de rectification et de suppression des donn\u00e9es vous concernant.<\/p><p>Pour l\u2019exercer, adressez-vous \u00e0 l&rsquo;entreprise LA ROSE DE CAMILLE aux coordonn\u00e9es de la Responsable de la publication susmentionn\u00e9e.<\/p><p><span style=\"text-decoration: underline; color: #c5b336;\"><strong>Droits d\u2019auteur et propri\u00e9t\u00e9 intellectuelle<\/strong><\/span><br \/>Les textes, photos, images composant ce site sont la propri\u00e9t\u00e9 de l&rsquo;entreprise LA ROSE DE CAMILLE. Toute reproduction, totale ou partielle, et toute repr\u00e9sentation du contenu substantiel de ce site, d\u2019un ou de plusieurs de ses composants, par quelque proc\u00e9d\u00e9 que ce soit, sans autorisation expresse de l&rsquo;entreprise LA ROSE DE CAMILLE, est interdite et constitue une contrefa\u00e7on sanctionn\u00e9e par les articles L.335-2 et suivants du Code de la propri\u00e9t\u00e9 intellectuelle.<\/p><p><span style=\"text-decoration: underline; color: #c5b336;\"><strong>Fonctionnement<\/strong><\/span><br \/>L&rsquo;entreprise LA ROSE DE CAMILLE ne peut pas \u00eatre tenue pour responsable de la transmission d\u00e9fectueuse des donn\u00e9es dues aux divers r\u00e9seaux de l\u2019Internet ou aux incompatibilit\u00e9s dues au navigateur web de l\u2019utilisateur. Si toutefois vous constatez une erreur ou un bug pendant votre visite, n\u2019h\u00e9sitez pas \u00e0 nous en faire part.<\/p><p><span style=\"text-decoration: underline; color: #c5b336;\"><strong>Cr\u00e9dits photos<\/strong><\/span><br \/>\u00a9 La Rose de Camille<br \/>\u00a9 FBInteractive<\/p>\t\t\t\t\t\t\t\t<\/div>\n\t\t\t\t<\/div>\n\t\t\t\t\t<\/div>\n\t\t\t\t<\/div>\n\t\t\t\t<\/div>\n\t\t","protected":false},"excerpt":{"rendered":"<p>Mentions l\u00e9gales En vertu de l\u2019article 6 de la loi n\u00b0 2004-575 du 21 juin 2004pour la confiance dans l\u2019\u00e9conomie num\u00e9rique, il est pr\u00e9cis\u00e9 aux utilisateurs du site webwww.larosedecamille.fr les identit\u00e9s et coordonn\u00e9es de l\u2019exploitant dudit site. Exploitant du site internet Anne-Sophie DEUST (LA ROSE DE CAMILLE) Si\u00e8ge social : Les Pailles Noires 61250 Menil Erreux RCS : Alen\u00e7on N\u00b0 Siret : 798 180 071 00010 Code APE : 7410Z Responsable de la publication : Anne-Sophie DEUST T\u00e9l. 06 17 44 76 79 E-mail : contact@larosedecamille.fr Agence Web :&nbsp; 8, impasse des Grouas 61500 NEAUPHE SOUS ESSAIT\u00e9l. 06 62 27 20 53 www.fbinteractive.fr \u00a0 H\u00e9bergement : OVH &#8211; 2, rue Kellerman &#8211; 59100 Roubaix Conditions g\u00e9n\u00e9rales d&rsquo;utilisation du site et des services propos\u00e9s L\u2019utilisation du site internet www.larosedecamille.fr implique l\u2019acceptation pleine et enti\u00e8re des conditions g\u00e9n\u00e9rales d\u2019utilisation ci-apr\u00e8s d\u00e9crites. Ces conditions d\u2019utilisation sont susceptibles d\u2019\u00eatre modifi\u00e9es ou compl\u00e9t\u00e9es \u00e0 tout moment, les utilisateurs du site sont donc invit\u00e9s \u00e0 les consulter de mani\u00e8re r\u00e9guli\u00e8re. Ce site est normalement accessible \u00e0 tout moment aux utilisateurs. Une interruption pour raison de maintenance technique peut \u00eatre toutefois d\u00e9cid\u00e9e par l&rsquo;entreprise LA ROSE DE CAMILLE, qui s\u2019efforcera alors de communiquer pr\u00e9alablement aux utilisateurs les dates et heures de l\u2019intervention. Ce site est mis \u00e0 jour r\u00e9guli\u00e8rement par l&rsquo;entreprise LA ROSE DE CAMILLE. De la m\u00eame fa\u00e7on, les mentions l\u00e9gales peuvent \u00eatre modifi\u00e9es \u00e0 tout moment : elles s\u2019imposent n\u00e9anmoins \u00e0 l\u2019utilisateur qui est invit\u00e9 \u00e0 s\u2019y r\u00e9f\u00e9rer le plus souvent possible afin d\u2019en prendre connaissance. Utilisation des CookiesCe site utilise des cookies de Google Analytics \u00e0 des fins de statistiques. Vos donn\u00e9es de navigations sur ce site sont communiqu\u00e9es \u00e0 Google Inc. de fa\u00e7on anonyme. Si vous souhaitez refuser l\u2019utilisation des cookies, vous pouvez les d\u00e9sactiver \u00e0 partir des param\u00e8tres de votre navigateur. Donn\u00e9es personnellesAucune information personnelle n\u2019est collect\u00e9e \u00e0 votre insu et ne sera c\u00e9d\u00e9e \u00e0 un tiers. Les donn\u00e9es personnelles recueillies sur le site r\u00e9sultent de la communication volontaire d\u2019informations via les formulaires de contact. Ces donn\u00e9es sont exclusivement collect\u00e9es pour un usage interne. Conform\u00e9ment \u00e0 la loi du 6 janvier 1978 relative \u00e0 l\u2019informatique, aux fichiers et aux libert\u00e9s, vous disposez d\u2019un droit d\u2019acc\u00e8s, de modification, de rectification et de suppression des donn\u00e9es vous concernant. Pour l\u2019exercer, adressez-vous \u00e0 l&rsquo;entreprise LA ROSE DE CAMILLE aux coordonn\u00e9es de la Responsable de la publication susmentionn\u00e9e. Droits d\u2019auteur et propri\u00e9t\u00e9 intellectuelleLes textes, photos, images composant ce site sont la propri\u00e9t\u00e9 de l&rsquo;entreprise LA ROSE DE CAMILLE. Toute reproduction, totale ou partielle, et toute repr\u00e9sentation du contenu substantiel de ce site, d\u2019un ou de plusieurs de ses composants, par quelque proc\u00e9d\u00e9 que ce soit, sans autorisation expresse de l&rsquo;entreprise LA ROSE DE CAMILLE, est interdite et constitue une contrefa\u00e7on sanctionn\u00e9e par les articles L.335-2 et suivants du Code de la propri\u00e9t\u00e9 intellectuelle. FonctionnementL&rsquo;entreprise LA ROSE DE CAMILLE ne peut pas \u00eatre tenue pour responsable de la transmission d\u00e9fectueuse des donn\u00e9es dues aux divers r\u00e9seaux de l\u2019Internet ou aux incompatibilit\u00e9s dues au navigateur web de l\u2019utilisateur. Si toutefois vous constatez une erreur ou un bug pendant votre visite, n\u2019h\u00e9sitez pas \u00e0 nous en faire part. Cr\u00e9dits photos\u00a9 La Rose de Camille\u00a9 FBInteractive<\/p>\n","protected":false},"author":1,"featured_media":0,"parent":0,"menu_order":0,"comment_status":"closed","ping_status":"closed","template":"","meta":{"site-sidebar-layout":"no-sidebar","site-content-layout":"","ast-site-content-layout":"full-width-container","site-content-style":"default","site-sidebar-style":"default","ast-global-header-display":"","ast-banner-title-visibility":"","ast-main-header-display":"","ast-hfb-above-header-display":"","ast-hfb-below-header-display":"","ast-hfb-mobile-header-display":"","site-post-title":"disabled","ast-breadcrumbs-content":"","ast-featured-img":"disabled","footer-sml-layout":"","ast-disable-related-posts":"","theme-transparent-header-meta":"","adv-header-id-meta":"","stick-header-meta":"","header-above-stick-meta":"","header-main-stick-meta":"","header-below-stick-meta":"","astra-migrate-meta-layouts":"default","ast-page-background-enabled":"default","ast-page-background-meta":{"desktop":{"background-color":"var(--ast-global-color-5)","background-image":"","background-repeat":"repeat","background-position":"center center","background-size":"auto","background-attachment":"scroll","background-type":"","background-media":"","overlay-type":"","overlay-color":"","overlay-opacity":"","overlay-gradient":""},"tablet":{"background-color":"","background-image":"","background-repeat":"repeat","background-position":"center center","background-size":"auto","background-attachment":"scroll","background-type":"","background-media":"","overlay-type":"","overlay-color":"","overlay-opacity":"","overlay-gradient":""},"mobile":{"background-color":"","background-image":"","background-repeat":"repeat","background-position":"center center","background-size":"auto","background-attachment":"scroll","background-type":"","background-media":"","overlay-type":"","overlay-color":"","overlay-opacity":"","overlay-gradient":""}},"ast-content-background-meta":{"desktop":{"background-color":"var(--ast-global-color-4)","background-image":"","background-repeat":"repeat","background-position":"center center","background-size":"auto","background-attachment":"scroll","background-type":"","background-media":"","overlay-type":"","overlay-color":"","overlay-opacity":"","overlay-gradient":""},"tablet":{"background-color":"var(--ast-global-color-4)","background-image":"","background-repeat":"repeat","background-position":"center center","background-size":"auto","background-attachment":"scroll","background-type":"","background-media":"","overlay-type":"","overlay-color":"","overlay-opacity":"","overlay-gradient":""},"mobile":{"background-color":"var(--ast-global-color-4)","background-image":"","background-repeat":"repeat","background-position":"center center","background-size":"auto","background-attachment":"scroll","background-type":"","background-media":"","overlay-type":"","overlay-color":"","overlay-opacity":"","overlay-gradient":""}},"footnotes":""},"class_list":["post-616","page","type-page","status-publish","hentry"],"_links":{"self":[{"href":"https:\/\/www.larosedecamille.fr\/index.php\/wp-json\/wp\/v2\/pages\/616","targetHints":{"allow":["GET"]}}],"collection":[{"href":"https:\/\/www.larosedecamille.fr\/index.php\/wp-json\/wp\/v2\/pages"}],"about":[{"href":"https:\/\/www.larosedecamille.fr\/index.php\/wp-json\/wp\/v2\/types\/page"}],"author":[{"embeddable":true,"href":"https:\/\/www.larosedecamille.fr\/index.php\/wp-json\/wp\/v2\/users\/1"}],"replies":[{"embeddable":true,"href":"https:\/\/www.larosedecamille.fr\/index.php\/wp-json\/wp\/v2\/comments?post=616"}],"version-history":[{"count":58,"href":"https:\/\/www.larosedecamille.fr\/index.php\/wp-json\/wp\/v2\/pages\/616\/revisions"}],"predecessor-version":[{"id":1038,"href":"https:\/\/www.larosedecamille.fr\/index.php\/wp-json\/wp\/v2\/pages\/616\/revisions\/1038"}],"wp:attachment":[{"href":"https:\/\/www.larosedecamille.fr\/index.php\/wp-json\/wp\/v2\/media?parent=616"}],"curies":[{"name":"wp","href":"https:\/\/api.w.org\/{rel}","templated":true}]}}