{"id":302,"date":"2025-09-27T21:10:41","date_gmt":"2025-09-27T19:10:41","guid":{"rendered":"https:\/\/www.larosedecamille.fr\/?page_id=302"},"modified":"2026-02-24T17:59:05","modified_gmt":"2026-02-24T16:59:05","slug":"location","status":"publish","type":"page","link":"https:\/\/www.larosedecamille.fr\/index.php\/location\/","title":{"rendered":"Location"},"content":{"rendered":"\t\t<div data-elementor-type=\"wp-page\" data-elementor-id=\"302\" class=\"elementor elementor-302\" data-elementor-post-type=\"page\">\n\t\t\t\t<div class=\"elementor-element elementor-element-bec8694 e-con-full e-flex wpr-particle-no wpr-jarallax-no wpr-parallax-no wpr-sticky-section-no wpr-equal-height-no e-con e-parent\" data-id=\"bec8694\" data-element_type=\"container\" data-e-type=\"container\">\n\t\t\t\t<div class=\"elementor-element elementor-element-275015c elementor-widget elementor-widget-heading\" data-id=\"275015c\" data-element_type=\"widget\" data-e-type=\"widget\" data-widget_type=\"heading.default\">\n\t\t\t\t\t<h2 class=\"elementor-heading-title elementor-size-default\">Location<\/h2>\t\t\t\t<\/div>\n\t\t\t\t<\/div>\n\t\t<div class=\"elementor-element elementor-element-0410a98 e-flex e-con-boxed wpr-particle-no wpr-jarallax-no wpr-parallax-no wpr-sticky-section-no wpr-equal-height-no e-con e-parent\" data-id=\"0410a98\" data-element_type=\"container\" data-e-type=\"container\">\n\t\t\t\t\t<div class=\"e-con-inner\">\n\t\t<div class=\"elementor-element elementor-element-61b75bf e-con-full e-flex wpr-particle-no wpr-jarallax-no wpr-parallax-no wpr-sticky-section-no wpr-equal-height-no e-con e-child\" data-id=\"61b75bf\" data-element_type=\"container\" data-e-type=\"container\">\n\t\t\t\t<div class=\"elementor-element elementor-element-cd336d2 elementor-widget__width-initial elementor-widget elementor-widget-image\" data-id=\"cd336d2\" data-element_type=\"widget\" data-e-type=\"widget\" data-widget_type=\"image.default\">\n\t\t\t\t\t\t\t\t\t\t\t\t\t\t\t<img fetchpriority=\"high\" decoding=\"async\" width=\"1200\" height=\"1600\" src=\"https:\/\/www.larosedecamille.fr\/wp-content\/uploads\/2026\/02\/WhatsApp-Image-2026-02-24-at-15.59.36.jpeg\" class=\"attachment-full size-full wp-image-1216\" alt=\"\" srcset=\"https:\/\/www.larosedecamille.fr\/wp-content\/uploads\/2026\/02\/WhatsApp-Image-2026-02-24-at-15.59.36.jpeg 1200w, https:\/\/www.larosedecamille.fr\/wp-content\/uploads\/2026\/02\/WhatsApp-Image-2026-02-24-at-15.59.36-225x300.jpeg 225w, https:\/\/www.larosedecamille.fr\/wp-content\/uploads\/2026\/02\/WhatsApp-Image-2026-02-24-at-15.59.36-768x1024.jpeg 768w, https:\/\/www.larosedecamille.fr\/wp-content\/uploads\/2026\/02\/WhatsApp-Image-2026-02-24-at-15.59.36-1152x1536.jpeg 1152w\" sizes=\"(max-width: 1200px) 100vw, 1200px\" \/>\t\t\t\t\t\t\t\t\t\t\t\t\t\t\t<\/div>\n\t\t\t\t<\/div>\n\t\t<div class=\"elementor-element elementor-element-54971a4 e-con-full e-flex wpr-particle-no wpr-jarallax-no wpr-parallax-no wpr-sticky-section-no wpr-equal-height-no e-con e-child\" data-id=\"54971a4\" data-element_type=\"container\" data-e-type=\"container\">\n\t\t\t\t<div class=\"elementor-element elementor-element-e2b0bf0 elementor-widget__width-initial elementor-widget elementor-widget-text-editor\" data-id=\"e2b0bf0\" data-element_type=\"widget\" data-e-type=\"widget\" data-widget_type=\"text-editor.default\">\n\t\t\t\t\t\t\t\t\t<p>Ici, on ne fait pas que d\u00e9corer des \u00e9v\u00e9nements. On les habille de douceur, d\u2019objets qui ont une histoire ou qui attendent d\u2019en \u00e9crire une avec vous.<\/p><p>Dans ma grange am\u00e9nag\u00e9e (qui ressemble un peu \u00e0 une caverne aux merveilles), je mets \u00e0 votre disposition un large stock d\u2019\u00e9l\u00e9ments d\u00e9coratifs \u00e0 la location pour tous types d\u2019\u00e9v\u00e9nements pour un r\u00e9sultat \u00e9quilibr\u00e9, vivant et plein de charme.<\/p>\t\t\t\t\t\t\t\t<\/div>\n\t\t\t\t<div class=\"elementor-element elementor-element-370389b elementor-widget elementor-widget-heading\" data-id=\"370389b\" data-element_type=\"widget\" data-e-type=\"widget\" data-widget_type=\"heading.default\">\n\t\t\t\t\t<p class=\"elementor-heading-title elementor-size-default\">Comment \u00e7a fonctionne ?<\/p>\t\t\t\t<\/div>\n\t\t\t\t<div class=\"elementor-element elementor-element-432d824 elementor-widget__width-initial elementor-widget elementor-widget-text-editor\" data-id=\"432d824\" data-element_type=\"widget\" data-e-type=\"widget\" data-widget_type=\"text-editor.default\">\n\t\t\t\t\t\t\t\t\t<ul><li>Ajoutez les \u00e9l\u00e9ments de d\u00e9coration qui vous ont tap\u00e9 dans l\u2019\u0153il dans votre panier (un minimum de 80 euros est souhait\u00e9 pour traiter votre demande).<\/li><li>Remplissez et validez le formulaire de demande. Attention \u00e0 cette \u00e9tape, aucune confirmation n\u2019est faite.<\/li><li>Suite \u00e0 votre demande, je vous envoie le devis global vis-\u00e0-vis de votre choix et de la disponibilit\u00e9 des \u00e9l\u00e9ments.<\/li><li>La validation se fera \u00e0 r\u00e9ception de l\u2019acompte de 50% demand\u00e9, du devis et des conditions g\u00e9n\u00e9rales de location sign\u00e9s.<\/li><li>Quelques jours avant votre \u00e9v\u00e9nement, nous programmons ensemble les modalit\u00e9s de retrait\/livraison.<\/li><li>A noter : Les d\u00e9parts ou retraits se font de la grange, situ\u00e9e \u00e0 Mortr\u00e9e (Orne). Pour la livraison, un minimum de commande de 300 euros est demand\u00e9. Un devis suppl\u00e9mentaire fera l\u2019objet des frais de livraison.<\/li><\/ul><p>\u00a0<\/p>\t\t\t\t\t\t\t\t<\/div>\n\t\t\t\t<\/div>\n\t\t\t\t\t<\/div>\n\t\t\t\t<\/div>\n\t\t\t\t<\/div>\n\t\t","protected":false},"excerpt":{"rendered":"<p>Location Ici, on ne fait pas que d\u00e9corer des \u00e9v\u00e9nements. On les habille de douceur, d\u2019objets qui ont une histoire ou qui attendent d\u2019en \u00e9crire une avec vous. Dans ma grange am\u00e9nag\u00e9e (qui ressemble un peu \u00e0 une caverne aux merveilles), je mets \u00e0 votre disposition un large stock d\u2019\u00e9l\u00e9ments d\u00e9coratifs \u00e0 la location pour tous types d\u2019\u00e9v\u00e9nements pour un r\u00e9sultat \u00e9quilibr\u00e9, vivant et plein de charme. Comment \u00e7a fonctionne ? Ajoutez les \u00e9l\u00e9ments de d\u00e9coration qui vous ont tap\u00e9 dans l\u2019\u0153il dans votre panier (un minimum de 80 euros est souhait\u00e9 pour traiter votre demande). Remplissez et validez le formulaire de demande. Attention \u00e0 cette \u00e9tape, aucune confirmation n\u2019est faite. Suite \u00e0 votre demande, je vous envoie le devis global vis-\u00e0-vis de votre choix et de la disponibilit\u00e9 des \u00e9l\u00e9ments. La validation se fera \u00e0 r\u00e9ception de l\u2019acompte de 50% demand\u00e9, du devis et des conditions g\u00e9n\u00e9rales de location sign\u00e9s. Quelques jours avant votre \u00e9v\u00e9nement, nous programmons ensemble les modalit\u00e9s de retrait\/livraison. A noter : Les d\u00e9parts ou retraits se font de la grange, situ\u00e9e \u00e0 Mortr\u00e9e (Orne). Pour la livraison, un minimum de commande de 300 euros est demand\u00e9. Un devis suppl\u00e9mentaire fera l\u2019objet des frais de livraison. \u00a0<\/p>\n","protected":false},"author":1,"featured_media":0,"parent":0,"menu_order":0,"comment_status":"closed","ping_status":"closed","template":"","meta":{"site-sidebar-layout":"no-sidebar","site-content-layout":"","ast-site-content-layout":"full-width-container","site-content-style":"default","site-sidebar-style":"default","ast-global-header-display":"","ast-banner-title-visibility":"","ast-main-header-display":"","ast-hfb-above-header-display":"","ast-hfb-below-header-display":"","ast-hfb-mobile-header-display":"","site-post-title":"disabled","ast-breadcrumbs-content":"","ast-featured-img":"disabled","footer-sml-layout":"","ast-disable-related-posts":"","theme-transparent-header-meta":"","adv-header-id-meta":"","stick-header-meta":"","header-above-stick-meta":"","header-main-stick-meta":"","header-below-stick-meta":"","astra-migrate-meta-layouts":"default","ast-page-background-enabled":"default","ast-page-background-meta":{"desktop":{"background-color":"var(--ast-global-color-5)","background-image":"","background-repeat":"repeat","background-position":"center center","background-size":"auto","background-attachment":"scroll","background-type":"","background-media":"","overlay-type":"","overlay-color":"","overlay-opacity":"","overlay-gradient":""},"tablet":{"background-color":"","background-image":"","background-repeat":"repeat","background-position":"center center","background-size":"auto","background-attachment":"scroll","background-type":"","background-media":"","overlay-type":"","overlay-color":"","overlay-opacity":"","overlay-gradient":""},"mobile":{"background-color":"","background-image":"","background-repeat":"repeat","background-position":"center center","background-size":"auto","background-attachment":"scroll","background-type":"","background-media":"","overlay-type":"","overlay-color":"","overlay-opacity":"","overlay-gradient":""}},"ast-content-background-meta":{"desktop":{"background-color":"var(--ast-global-color-4)","background-image":"","background-repeat":"repeat","background-position":"center center","background-size":"auto","background-attachment":"scroll","background-type":"","background-media":"","overlay-type":"","overlay-color":"","overlay-opacity":"","overlay-gradient":""},"tablet":{"background-color":"var(--ast-global-color-4)","background-image":"","background-repeat":"repeat","background-position":"center center","background-size":"auto","background-attachment":"scroll","background-type":"","background-media":"","overlay-type":"","overlay-color":"","overlay-opacity":"","overlay-gradient":""},"mobile":{"background-color":"var(--ast-global-color-4)","background-image":"","background-repeat":"repeat","background-position":"center center","background-size":"auto","background-attachment":"scroll","background-type":"","background-media":"","overlay-type":"","overlay-color":"","overlay-opacity":"","overlay-gradient":""}},"footnotes":""},"class_list":["post-302","page","type-page","status-publish","hentry"],"_links":{"self":[{"href":"https:\/\/www.larosedecamille.fr\/index.php\/wp-json\/wp\/v2\/pages\/302","targetHints":{"allow":["GET"]}}],"collection":[{"href":"https:\/\/www.larosedecamille.fr\/index.php\/wp-json\/wp\/v2\/pages"}],"about":[{"href":"https:\/\/www.larosedecamille.fr\/index.php\/wp-json\/wp\/v2\/types\/page"}],"author":[{"embeddable":true,"href":"https:\/\/www.larosedecamille.fr\/index.php\/wp-json\/wp\/v2\/users\/1"}],"replies":[{"embeddable":true,"href":"https:\/\/www.larosedecamille.fr\/index.php\/wp-json\/wp\/v2\/comments?post=302"}],"version-history":[{"count":28,"href":"https:\/\/www.larosedecamille.fr\/index.php\/wp-json\/wp\/v2\/pages\/302\/revisions"}],"predecessor-version":[{"id":1303,"href":"https:\/\/www.larosedecamille.fr\/index.php\/wp-json\/wp\/v2\/pages\/302\/revisions\/1303"}],"wp:attachment":[{"href":"https:\/\/www.larosedecamille.fr\/index.php\/wp-json\/wp\/v2\/media?parent=302"}],"curies":[{"name":"wp","href":"https:\/\/api.w.org\/{rel}","templated":true}]}}