{"id":280,"date":"2025-09-27T19:42:51","date_gmt":"2025-09-27T17:42:51","guid":{"rendered":"https:\/\/www.larosedecamille.fr\/?page_id=280"},"modified":"2025-12-17T23:27:57","modified_gmt":"2025-12-17T22:27:57","slug":"contact","status":"publish","type":"page","link":"https:\/\/www.larosedecamille.fr\/index.php\/contact\/","title":{"rendered":"Contact"},"content":{"rendered":"\t\t<div data-elementor-type=\"wp-page\" data-elementor-id=\"280\" class=\"elementor elementor-280\" data-elementor-post-type=\"page\">\n\t\t\t\t<div class=\"elementor-element elementor-element-bec8694 e-flex e-con-boxed wpr-particle-no wpr-jarallax-no wpr-parallax-no wpr-sticky-section-no wpr-equal-height-no e-con e-parent\" data-id=\"bec8694\" data-element_type=\"container\" data-e-type=\"container\" data-settings=\"{&quot;background_background&quot;:&quot;classic&quot;}\">\n\t\t\t\t\t<div class=\"e-con-inner\">\n\t\t\t\t<div class=\"elementor-element elementor-element-275015c elementor-widget elementor-widget-heading\" data-id=\"275015c\" data-element_type=\"widget\" data-e-type=\"widget\" data-widget_type=\"heading.default\">\n\t\t\t\t\t<h2 class=\"elementor-heading-title elementor-size-default\">Contact<\/h2>\t\t\t\t<\/div>\n\t\t\t\t\t<\/div>\n\t\t\t\t<\/div>\n\t\t<div class=\"elementor-element elementor-element-a4a42f3 e-con-full e-flex wpr-particle-no wpr-jarallax-no wpr-parallax-no wpr-sticky-section-no wpr-equal-height-no e-con e-parent\" data-id=\"a4a42f3\" data-element_type=\"container\" data-e-type=\"container\">\n\t\t\t\t<div class=\"elementor-element elementor-element-46c258f elementor-widget__width-auto elementor-widget elementor-widget-formidable\" data-id=\"46c258f\" data-element_type=\"widget\" data-e-type=\"widget\" data-widget_type=\"formidable.default\">\n\t\t\t\t<div class=\"elementor-widget-container\">\n\t\t\t\t\t<div class=\"frm_forms  with_frm_style frm_style_style-formidable\" id=\"frm_form_2_container\" data-token=\"bb4586c15ca08834fbbd4ece985dd270\">\n<form enctype=\"multipart\/form-data\" method=\"post\" class=\"frm-show-form \" id=\"form_dc6uf\" data-token=\"bb4586c15ca08834fbbd4ece985dd270\">\n<div class=\"frm_form_fields \">\n<fieldset>\n<legend class=\"frm_screen_reader\">Formulaire La Rose de Camille<\/legend>\r\n\r\n<div class=\"frm_fields_container\">\n<input type=\"hidden\" name=\"frm_action\" value=\"create\" \/>\n<input type=\"hidden\" name=\"form_id\" value=\"2\" \/>\n<input type=\"hidden\" name=\"frm_hide_fields_2\" id=\"frm_hide_fields_2\" value=\"\" \/>\n<input type=\"hidden\" name=\"form_key\" value=\"dc6uf\" \/>\n<input type=\"hidden\" name=\"item_meta[0]\" value=\"\" \/>\n<input type=\"hidden\" id=\"frm_submit_entry_2\" name=\"frm_submit_entry_2\" value=\"703db17fdc\" \/><input type=\"hidden\" name=\"_wp_http_referer\" value=\"\/index.php\/wp-json\/wp\/v2\/pages\/280\" \/><div id=\"frm_field_7_container\" class=\"frm_form_field form-field  frm_required_field frm_top_container\">\r\n\t<div  id=\"field_8cu3_label\" class=\"frm_primary_label\">Faisons connaissance !\r\n\t\t<span class=\"frm_required\" aria-hidden=\"true\">*<\/span>\r\n\t<\/div>\r\n\t<fieldset aria-labelledby=\"field_8cu3_label\">\n\t<legend class=\"frm_screen_reader frm_hidden\">\n\t\tFaisons connaissance !\t<\/legend>\n\n\t<div  class=\"frm_combo_inputs_container\" id=\"frm_combo_inputs_container_7\" data-name-layout=\"first_last\">\n\t\t\t\t\t<div\n\t\t\t\tid=\"frm_field_7-first_container\"\n\t\t\t\tclass=\"frm_form_field form-field frm_form_subfield-first  frm6\"\n\t\t\t\tdata-sub-field-name=\"first\"\n\t\t\t>\n\t\t\t\t<label for=\"field_8cu3_first\" class=\"frm_screen_reader frm_hidden\">\n\t\t\t\t\tPr\u00e9nom\t\t\t\t<\/label>\n\n\t\t\t\t<input  type=\"text\" id=\"field_8cu3_first\" value=\"\" name=\"item_meta[7][first]\" autocomplete=\"given-name\" data-reqmsg=\"Faisons connaissance ! ne peut pas \u00eatre vide.\" aria-required=\"true\" data-invmsg=\"Faisons connaissance ! est non valide\" aria-invalid=\"false\"  \/><div class=\"frm_description\" id=\"frm_field_7_first_desc\">Pr\u00e9nom<\/div>\t\t\t<\/div>\n\t\t\t\t\t\t<div\n\t\t\t\tid=\"frm_field_7-last_container\"\n\t\t\t\tclass=\"frm_form_field form-field frm_form_subfield-last  frm6\"\n\t\t\t\tdata-sub-field-name=\"last\"\n\t\t\t>\n\t\t\t\t<label for=\"field_8cu3_last\" class=\"frm_screen_reader frm_hidden\">\n\t\t\t\t\tNom\t\t\t\t<\/label>\n\n\t\t\t\t<input  type=\"text\" id=\"field_8cu3_last\" value=\"\" name=\"item_meta[7][last]\" autocomplete=\"family-name\" data-reqmsg=\"Faisons connaissance ! ne peut pas \u00eatre vide.\" aria-required=\"true\" data-invmsg=\"Faisons connaissance ! est non valide\" aria-invalid=\"false\"  \/><div class=\"frm_description\" id=\"frm_field_7_last_desc\">Nom<\/div>\t\t\t<\/div>\n\t\t\t\t<\/div>\n<\/fieldset>\n\r\n\t\r\n\t\r\n<\/div>\n<div id=\"frm_field_8_container\" class=\"frm_form_field form-field  frm_required_field frm_top_container\">\r\n\t<label for=\"field_zwfke\" id=\"field_zwfke_label\" class=\"frm_primary_label\">T\u00e9l\u00e9phone\r\n\t\t<span class=\"frm_required\" aria-hidden=\"true\">*<\/span>\r\n\t<\/label>\r\n\t<input type=\"tel\" id=\"field_zwfke\" name=\"item_meta[8]\" value=\"\"  data-reqmsg=\"T\u00e9l\u00e9phone ne peut pas \u00eatre vide.\" aria-required=\"true\" data-invmsg=\"T\u00e9l\u00e9phone est non valide\" aria-invalid=\"false\" pattern=\"((\\+\\d{1,3}(-|.| )?\\(?\\d\\)?(-| |.)?\\d{1,5})|(\\(?\\d{2,6}\\)?))(-|.| )?(\\d{3,4})(-|.| )?(\\d{4})(( x| ext)\\d{1,5}){0,1}$\"  \/>\r\n\t\r\n\t\r\n<\/div>\n<div id=\"frm_field_9_container\" class=\"frm_form_field form-field  frm_required_field frm_top_container\">\r\n\t<label for=\"field_ohyy3\" id=\"field_ohyy3_label\" class=\"frm_primary_label\">E-mail\r\n\t\t<span class=\"frm_required\" aria-hidden=\"true\">*<\/span>\r\n\t<\/label>\r\n\t<input type=\"email\" id=\"field_ohyy3\" name=\"item_meta[9]\" value=\"\"  data-reqmsg=\"E-mail ne peut pas \u00eatre vide.\" aria-required=\"true\" data-invmsg=\"E-mail est non valide\" aria-invalid=\"false\"  \/>\r\n\t\r\n\t\r\n<\/div>\n<div id=\"frm_field_10_container\" class=\"frm_form_field form-field  frm_required_field frm_top_container vertical_radio\">\r\n\t<div  id=\"field_u16g5_label\" class=\"frm_primary_label\">Comment m'avez-vous connue ?\r\n\t\t<span class=\"frm_required\" aria-hidden=\"true\">*<\/span>\r\n\t<\/div>\r\n\t<div class=\"frm_opt_container\" aria-labelledby=\"field_u16g5_label\" role=\"radiogroup\" aria-required=\"true\">\t\t<div class=\"frm_radio\" id=\"frm_radio_10-0\">\t\t\t<label  for=\"field_u16g5-0\">\n\t\t\t\t\t<input type=\"radio\" name=\"item_meta[10]\" id=\"field_u16g5-0\" value=\"Bouche \u00e0 oreille \/ Ami(e)s\"\n\t\t data-reqmsg=\"Comment m&#039;avez-vous connue ? ne peut pas \u00eatre vide.\" data-invmsg=\"Comment m&#039;avez-vous connue ? est non valide\"   \/> Bouche \u00e0 oreille \/ Ami(e)s<\/label><\/div>\n\t\t<div class=\"frm_radio\" id=\"frm_radio_10-1\">\t\t\t<label  for=\"field_u16g5-1\">\n\t\t\t\t\t<input type=\"radio\" name=\"item_meta[10]\" id=\"field_u16g5-1\" value=\"Lors d&#039;un \u00e9v\u00e9nement\"\n\t\t data-reqmsg=\"Comment m&#039;avez-vous connue ? ne peut pas \u00eatre vide.\" data-invmsg=\"Comment m&#039;avez-vous connue ? est non valide\"   \/> Lors d'un \u00e9v\u00e9nement<\/label><\/div>\n\t\t<div class=\"frm_radio\" id=\"frm_radio_10-2\">\t\t\t<label  for=\"field_u16g5-2\">\n\t\t\t\t\t<input type=\"radio\" name=\"item_meta[10]\" id=\"field_u16g5-2\" value=\"Google \/ Moteur de recherche\"\n\t\t data-reqmsg=\"Comment m&#039;avez-vous connue ? ne peut pas \u00eatre vide.\" data-invmsg=\"Comment m&#039;avez-vous connue ? est non valide\"   \/> Google \/ Moteur de recherche<\/label><\/div>\n\t\t<div class=\"frm_radio\" id=\"frm_radio_10-3\">\t\t\t<label  for=\"field_u16g5-3\">\n\t\t\t\t\t<input type=\"radio\" name=\"item_meta[10]\" id=\"field_u16g5-3\" value=\"R\u00e9seaux sociaux\"\n\t\t data-reqmsg=\"Comment m&#039;avez-vous connue ? ne peut pas \u00eatre vide.\" data-invmsg=\"Comment m&#039;avez-vous connue ? est non valide\"   \/> R\u00e9seaux sociaux<\/label><\/div>\n\t\t<div class=\"frm_radio\" id=\"frm_radio_10-5\">\t\t\t<label  for=\"field_u16g5-5\">\n\t\t\t\t\t<input type=\"radio\" name=\"item_meta[10]\" id=\"field_u16g5-5\" value=\"Site web \u00e9v\u00e9nementiel\"\n\t\t data-reqmsg=\"Comment m&#039;avez-vous connue ? ne peut pas \u00eatre vide.\" data-invmsg=\"Comment m&#039;avez-vous connue ? est non valide\"   \/> Site web \u00e9v\u00e9nementiel<\/label><\/div>\n\t\t<div class=\"frm_radio\" id=\"frm_radio_10-4\">\t\t\t<label  for=\"field_u16g5-4\">\n\t\t\t\t\t<input type=\"radio\" name=\"item_meta[10]\" id=\"field_u16g5-4\" value=\"Autre\"\n\t\t data-reqmsg=\"Comment m&#039;avez-vous connue ? ne peut pas \u00eatre vide.\" data-invmsg=\"Comment m&#039;avez-vous connue ? est non valide\"   \/> Autre<\/label><\/div>\n<\/div>\r\n\t\r\n\t\r\n<\/div>\n<div id=\"frm_field_11_container\" class=\"frm_form_field form-field  frm_required_field frm_top_container\">\r\n\t<label for=\"field_8heam\" id=\"field_8heam_label\" class=\"frm_primary_label\">Votre projet\r\n\t\t<span class=\"frm_required\" aria-hidden=\"true\">*<\/span>\r\n\t<\/label>\r\n\t\t\t<select name=\"item_meta[11]\" id=\"field_8heam\"  data-reqmsg=\"Votre projet ne peut pas \u00eatre vide.\" aria-required=\"true\" data-invmsg=\"Votre projet est non valide\" aria-invalid=\"false\"  >\n\t\t<option  value=\"\" selected='selected'> <\/option><option  value=\"D\u00e9coration de mariage \/ Wedding design\">D\u00e9coration de mariage \/ Wedding design<\/option><option  value=\"D\u00e9coration \u00e9v\u00e9nementielle\">D\u00e9coration \u00e9v\u00e9nementielle<\/option><option  value=\"Accompagnement\">Accompagnement<\/option>\t<\/select>\n\t\r\n\t\r\n\t\r\n<\/div>\n<div id=\"frm_field_12_container\" class=\"frm_form_field form-field  frm_top_container\">\r\n\t<label for=\"field_pgmea\" id=\"field_pgmea_label\" class=\"frm_primary_label\">D\u00eetes m'en plus sur votre projet si vous le souhaitez\r\n\t\t<span class=\"frm_required\" aria-hidden=\"true\"><\/span>\r\n\t<\/label>\r\n\t<input type=\"text\" id=\"field_pgmea\" name=\"item_meta[12]\" value=\"\"  data-invmsg=\"D\u00eetes m&#039;en plus sur votre projet si vous le souhaitez est non valide\" aria-invalid=\"false\"  \/>\r\n\t\r\n\t\r\n<\/div>\n<div id=\"frm_field_13_container\" class=\"frm_form_field form-field  frm_none_container\">\r\n\t<label for=\"g-recaptcha-response\" id=\"field_esyfd_label\" class=\"frm_primary_label\">Captcha\r\n\t\t<span class=\"frm_required\" aria-hidden=\"true\"><\/span>\r\n\t<\/label>\r\n\t<div  id=\"field_esyfd\" class=\"frm-g-recaptcha\" data-sitekey=\"6Lcoof4rAAAAAOKQcG40FylTbpEUX6JHRmuXwpyI\" data-size=\"normal\" data-theme=\"light\"><\/div>\r\n\t\r\n\t\r\n<\/div>\n<div id=\"frm_field_6_container\" class=\"frm_form_field form-field \">\r\n\t<div class=\"frm_submit frm_flex\">\r\n<button class=\"frm_button_submit\" type=\"submit\"  >Envoyer<\/button>\r\n\r\n\r\n\r\n<\/div>\r\n<\/div>\n\t<input type=\"hidden\" name=\"item_key\" value=\"\" \/>\n\t\t\t<div id=\"frm_field_14_container\">\n\t\t\t<label for=\"field_tggdq\" >\n\t\t\t\tSi vous \u00eates un humain, ne remplissez pas ce champ.\t\t\t<\/label>\n\t\t\t<input  id=\"field_tggdq\" type=\"text\" class=\"frm_form_field form-field frm_verify\" name=\"item_meta[14]\" value=\"\"  \/>\n\t\t<\/div>\n\t\t<input name=\"frm_state\" type=\"hidden\" value=\"HzAUGN8bYjoRNpQHLVMAZPTob8vFph0FduLKZLGK5qc=\" \/><\/div>\n<\/fieldset>\n<\/div>\n\n<\/form>\n<\/div>\n\t\t\t\t<\/div>\n\t\t\t\t<\/div>\n\t\t\t\t<\/div>\n\t\t\t\t<\/div>\n\t\t","protected":false},"excerpt":{"rendered":"<p>Contact Formulaire La Rose de Camille Faisons connaissance ! * Faisons connaissance ! Pr\u00e9nom Pr\u00e9nom Nom Nom T\u00e9l\u00e9phone * E-mail * Comment m&rsquo;avez-vous connue ? * Bouche \u00e0 oreille \/ Ami(e)s Lors d&rsquo;un \u00e9v\u00e9nement Google \/ Moteur de recherche R\u00e9seaux sociaux Site web \u00e9v\u00e9nementiel Autre Votre projet * D\u00e9coration de mariage \/ Wedding designD\u00e9coration \u00e9v\u00e9nementielleAccompagnement D\u00eetes m&rsquo;en plus sur votre projet si vous le souhaitez Captcha Envoyer Si vous \u00eates un humain, ne remplissez pas ce champ.<\/p>\n","protected":false},"author":1,"featured_media":0,"parent":0,"menu_order":0,"comment_status":"closed","ping_status":"closed","template":"","meta":{"site-sidebar-layout":"no-sidebar","site-content-layout":"","ast-site-content-layout":"full-width-container","site-content-style":"default","site-sidebar-style":"default","ast-global-header-display":"","ast-banner-title-visibility":"","ast-main-header-display":"","ast-hfb-above-header-display":"","ast-hfb-below-header-display":"","ast-hfb-mobile-header-display":"","site-post-title":"disabled","ast-breadcrumbs-content":"","ast-featured-img":"disabled","footer-sml-layout":"","ast-disable-related-posts":"","theme-transparent-header-meta":"","adv-header-id-meta":"","stick-header-meta":"","header-above-stick-meta":"","header-main-stick-meta":"","header-below-stick-meta":"","astra-migrate-meta-layouts":"default","ast-page-background-enabled":"default","ast-page-background-meta":{"desktop":{"background-color":"var(--ast-global-color-5)","background-image":"","background-repeat":"repeat","background-position":"center center","background-size":"auto","background-attachment":"scroll","background-type":"","background-media":"","overlay-type":"","overlay-color":"","overlay-opacity":"","overlay-gradient":""},"tablet":{"background-color":"","background-image":"","background-repeat":"repeat","background-position":"center center","background-size":"auto","background-attachment":"scroll","background-type":"","background-media":"","overlay-type":"","overlay-color":"","overlay-opacity":"","overlay-gradient":""},"mobile":{"background-color":"","background-image":"","background-repeat":"repeat","background-position":"center center","background-size":"auto","background-attachment":"scroll","background-type":"","background-media":"","overlay-type":"","overlay-color":"","overlay-opacity":"","overlay-gradient":""}},"ast-content-background-meta":{"desktop":{"background-color":"var(--ast-global-color-4)","background-image":"","background-repeat":"repeat","background-position":"center center","background-size":"auto","background-attachment":"scroll","background-type":"","background-media":"","overlay-type":"","overlay-color":"","overlay-opacity":"","overlay-gradient":""},"tablet":{"background-color":"var(--ast-global-color-4)","background-image":"","background-repeat":"repeat","background-position":"center center","background-size":"auto","background-attachment":"scroll","background-type":"","background-media":"","overlay-type":"","overlay-color":"","overlay-opacity":"","overlay-gradient":""},"mobile":{"background-color":"var(--ast-global-color-4)","background-image":"","background-repeat":"repeat","background-position":"center center","background-size":"auto","background-attachment":"scroll","background-type":"","background-media":"","overlay-type":"","overlay-color":"","overlay-opacity":"","overlay-gradient":""}},"footnotes":""},"class_list":["post-280","page","type-page","status-publish","hentry"],"_links":{"self":[{"href":"https:\/\/www.larosedecamille.fr\/index.php\/wp-json\/wp\/v2\/pages\/280","targetHints":{"allow":["GET"]}}],"collection":[{"href":"https:\/\/www.larosedecamille.fr\/index.php\/wp-json\/wp\/v2\/pages"}],"about":[{"href":"https:\/\/www.larosedecamille.fr\/index.php\/wp-json\/wp\/v2\/types\/page"}],"author":[{"embeddable":true,"href":"https:\/\/www.larosedecamille.fr\/index.php\/wp-json\/wp\/v2\/users\/1"}],"replies":[{"embeddable":true,"href":"https:\/\/www.larosedecamille.fr\/index.php\/wp-json\/wp\/v2\/comments?post=280"}],"version-history":[{"count":22,"href":"https:\/\/www.larosedecamille.fr\/index.php\/wp-json\/wp\/v2\/pages\/280\/revisions"}],"predecessor-version":[{"id":1120,"href":"https:\/\/www.larosedecamille.fr\/index.php\/wp-json\/wp\/v2\/pages\/280\/revisions\/1120"}],"wp:attachment":[{"href":"https:\/\/www.larosedecamille.fr\/index.php\/wp-json\/wp\/v2\/media?parent=280"}],"curies":[{"name":"wp","href":"https:\/\/api.w.org\/{rel}","templated":true}]}}