{"id":276,"date":"2025-09-27T19:42:13","date_gmt":"2025-09-27T17:42:13","guid":{"rendered":"https:\/\/www.larosedecamille.fr\/?page_id=276"},"modified":"2026-02-24T18:58:59","modified_gmt":"2026-02-24T17:58:59","slug":"a-propos","status":"publish","type":"page","link":"https:\/\/www.larosedecamille.fr\/index.php\/a-propos\/","title":{"rendered":"A propos"},"content":{"rendered":"\t\t<div data-elementor-type=\"wp-page\" data-elementor-id=\"276\" class=\"elementor elementor-276\" data-elementor-post-type=\"page\">\n\t\t\t\t<div class=\"elementor-element elementor-element-bec8694 e-flex e-con-boxed wpr-particle-no wpr-jarallax-no wpr-parallax-no wpr-sticky-section-no wpr-equal-height-no e-con e-parent\" data-id=\"bec8694\" data-element_type=\"container\" data-e-type=\"container\" data-settings=\"{&quot;background_background&quot;:&quot;classic&quot;}\">\n\t\t\t\t\t<div class=\"e-con-inner\">\n\t\t\t\t<div class=\"elementor-element elementor-element-275015c elementor-widget elementor-widget-heading\" data-id=\"275015c\" data-element_type=\"widget\" data-e-type=\"widget\" data-widget_type=\"heading.default\">\n\t\t\t\t\t<h2 class=\"elementor-heading-title elementor-size-default\">Qui se cache derri\u00e8re la Rose de Camille ?<\/h2>\t\t\t\t<\/div>\n\t\t\t\t\t<\/div>\n\t\t\t\t<\/div>\n\t\t<div class=\"elementor-element elementor-element-f718c02 e-flex e-con-boxed wpr-particle-no wpr-jarallax-no wpr-parallax-no wpr-sticky-section-no wpr-equal-height-no e-con e-parent\" data-id=\"f718c02\" data-element_type=\"container\" data-e-type=\"container\" data-settings=\"{&quot;background_background&quot;:&quot;classic&quot;}\">\n\t\t\t\t\t<div class=\"e-con-inner\">\n\t\t<div class=\"elementor-element elementor-element-4f61bd4 e-con-full e-flex wpr-particle-no wpr-jarallax-no wpr-parallax-no wpr-sticky-section-no wpr-equal-height-no e-con e-child\" data-id=\"4f61bd4\" data-element_type=\"container\" data-e-type=\"container\">\n\t\t\t\t<div class=\"elementor-element elementor-element-58bf476 elementor-widget elementor-widget-text-editor\" data-id=\"58bf476\" data-element_type=\"widget\" data-e-type=\"widget\" data-widget_type=\"text-editor.default\">\n\t\t\t\t\t\t\t\t\t<p><span style=\"color: gray;\">Anne-Sophie, d\u00e9coratrice \u00e9v\u00e9nementielle amoureuse des amoureux et des moments de bonheur !<\/span><\/p><p><span style=\"color: gray;\">Bienveillante, douce, organis\u00e9e et cr\u00e9ative, je me suis lanc\u00e9e dans l\u2019aventure de la d\u00e9coration \u00e9v\u00e8nementielle pendant le premier confinement (2020), suite \u00e0 un bilan de comp\u00e9tences qui n\u2019a fait que r\u00e9veiller un r\u00eave depuis longtemps en sommeil, faire de ma passion mon m\u00e9tier.<\/span><\/p><p><span style=\"color: gray;\">En effet, mari\u00e9e \u00e0 l\u2019homme de ma vie depuis 14 belles ann\u00e9es et maman de 2 loulous, Camille et Rose, j\u2019ai \u00e0 maintes reprises con\u00e7u et d\u00e9cor\u00e9 les \u00e9v\u00e8nements familiaux (mariage, bapt\u00eames, anniversaires, r\u00e9unions de famille\u2026) avec une passion et un go\u00fbt toujours intacts.<\/span><\/p><p><span style=\"color: gray;\">Pouss\u00e9e par les encouragements de mon entourage, qui ont \u00e0 chaque fois su appr\u00e9cier mon travail de d\u00e9coration, et par une envie d\u2019accomplissement personnel et professionnel, c\u2019est comme une \u00e9vidence que La Rose de Camille a vu le jour en 2021.<\/span><\/p>\t\t\t\t\t\t\t\t<\/div>\n\t\t\t\t<div class=\"elementor-element elementor-element-3505bfc elementor-widget elementor-widget-text-editor\" data-id=\"3505bfc\" data-element_type=\"widget\" data-e-type=\"widget\" data-widget_type=\"text-editor.default\">\n\t\t\t\t\t\t\t\t\t<p><span style=\"color: #c5b336;\"><strong>Ma mission<\/strong><\/span><\/p><p><span style=\"color: #808080;\">Imaginer, accompagner, penser, proposer, cr\u00e9er, installer, peaufiner et voir vos yeux briller\u00a0!<\/span><\/p><p><span style=\"color: #808080;\">Attach\u00e9e aux choses bien faites, et soucieuse de chaque d\u00e9tail, r\u00e9pondre et m\u2019adapter \u00e0 vos envies sera ma priorit\u00e9 pour vous assurer une totale s\u00e9r\u00e9nit\u00e9.<\/span><\/p><p><span style=\"color: #808080;\">Ainsi, en vous conseillant et en vous orientant vers un choix pertinent et conforme \u00e0 vos attentes, nous trouverons ensemble la d\u00e9coration qui vous ressemble, et qui sublimera votre \u00e9v\u00e8nement.<\/span><\/p>\t\t\t\t\t\t\t\t<\/div>\n\t\t\t\t<div class=\"elementor-element elementor-element-de658a2 elementor-widget elementor-widget-text-editor\" data-id=\"de658a2\" data-element_type=\"widget\" data-e-type=\"widget\" data-widget_type=\"text-editor.default\">\n\t\t\t\t\t\t\t\t\t<p><span style=\"color: #c5b336;\"><strong>Trucs inutiles \u00e0 savoir \u00e0 mon sujet<\/strong><\/span><\/p><p><span style=\"color: #808080;\">Sur mon t\u00e9l\u00e9phone, un post-it ou un bloc-notes, les to-do list sont ma vie.<\/span><\/p><p><span style=\"color: #808080;\">Quand je regarde Titanic, j\u2019esp\u00e8re toujours, secr\u00e8tement, qu\u2019ils \u00e9viteront l\u2019iceberg.<\/span><\/p><p><span style=\"color: #808080;\">Je me bouche encore le nez quand je plonge dans l\u2019eau.<\/span><\/p><p><span style=\"color: #808080;\">Ma plus grande phobie : les serpents.<\/span><\/p><p><span style=\"color: #808080;\">J\u2019aime faire plaisir aux personnes qui comptent pour moi.<\/span><\/p><p><span style=\"color: #808080;\">J\u2019adore les mots-crois\u00e9s mais seulement l\u2019\u00e9t\u00e9 en vacances.<\/span><\/p>\t\t\t\t\t\t\t\t<\/div>\n\t\t\t\t<\/div>\n\t\t<div class=\"elementor-element elementor-element-c2c4b3d e-con-full e-flex wpr-particle-no wpr-jarallax-no wpr-parallax-no wpr-sticky-section-no wpr-equal-height-no e-con e-child\" data-id=\"c2c4b3d\" data-element_type=\"container\" data-e-type=\"container\" data-settings=\"{&quot;background_background&quot;:&quot;classic&quot;}\">\n\t\t\t\t<div class=\"elementor-element elementor-element-cfc2386 elementor-widget elementor-widget-image\" data-id=\"cfc2386\" data-element_type=\"widget\" data-e-type=\"widget\" data-widget_type=\"image.default\">\n\t\t\t\t\t\t\t\t\t\t\t\t\t\t\t<img fetchpriority=\"high\" decoding=\"async\" width=\"300\" height=\"200\" src=\"https:\/\/www.larosedecamille.fr\/wp-content\/uploads\/2025\/11\/2692f1cc-7a07-404c-95db-5c129c5d3ba0-300x200.jpg\" class=\"attachment-medium size-medium wp-image-456\" alt=\"\" srcset=\"https:\/\/www.larosedecamille.fr\/wp-content\/uploads\/2025\/11\/2692f1cc-7a07-404c-95db-5c129c5d3ba0-300x200.jpg 300w, https:\/\/www.larosedecamille.fr\/wp-content\/uploads\/2025\/11\/2692f1cc-7a07-404c-95db-5c129c5d3ba0-1024x682.jpg 1024w, https:\/\/www.larosedecamille.fr\/wp-content\/uploads\/2025\/11\/2692f1cc-7a07-404c-95db-5c129c5d3ba0-768x512.jpg 768w, https:\/\/www.larosedecamille.fr\/wp-content\/uploads\/2025\/11\/2692f1cc-7a07-404c-95db-5c129c5d3ba0-1536x1023.jpg 1536w, https:\/\/www.larosedecamille.fr\/wp-content\/uploads\/2025\/11\/2692f1cc-7a07-404c-95db-5c129c5d3ba0.jpg 2048w\" sizes=\"(max-width: 300px) 100vw, 300px\" \/>\t\t\t\t\t\t\t\t\t\t\t\t\t\t\t<\/div>\n\t\t\t\t<div class=\"elementor-element elementor-element-db65705 elementor-widget elementor-widget-text-editor\" data-id=\"db65705\" data-element_type=\"widget\" data-e-type=\"widget\" data-widget_type=\"text-editor.default\">\n\t\t\t\t\t\t\t\t\t<p style=\"text-align: center;\"><span style=\"font-size: 18pt; color: #c5b336;\">Anne-Sophie<br \/><\/span><em><span style=\"font-size: 12pt; color: #c5b336;\">Wedding Designer &amp; D\u00e9coratrice \u00e9v\u00e9nementiel certifi\u00e9e<\/span><\/em><\/p>\t\t\t\t\t\t\t\t<\/div>\n\t\t\t\t<div class=\"elementor-element elementor-element-0e7cb3d elementor-widget elementor-widget-image\" data-id=\"0e7cb3d\" data-element_type=\"widget\" data-e-type=\"widget\" data-widget_type=\"image.default\">\n\t\t\t\t\t\t\t\t\t\t\t\t\t\t\t<img decoding=\"async\" width=\"853\" height=\"1024\" src=\"https:\/\/www.larosedecamille.fr\/wp-content\/uploads\/2025\/11\/v2-853x1024.jpg\" class=\"attachment-large size-large wp-image-457\" alt=\"\" srcset=\"https:\/\/www.larosedecamille.fr\/wp-content\/uploads\/2025\/11\/v2-853x1024.jpg 853w, https:\/\/www.larosedecamille.fr\/wp-content\/uploads\/2025\/11\/v2-250x300.jpg 250w, https:\/\/www.larosedecamille.fr\/wp-content\/uploads\/2025\/11\/v2-768x922.jpg 768w, https:\/\/www.larosedecamille.fr\/wp-content\/uploads\/2025\/11\/v2.jpg 1136w\" sizes=\"(max-width: 853px) 100vw, 853px\" \/>\t\t\t\t\t\t\t\t\t\t\t\t\t\t\t<\/div>\n\t\t\t\t<\/div>\n\t\t\t\t\t<\/div>\n\t\t\t\t<\/div>\n\t\t<div class=\"elementor-element elementor-element-786ba7c e-flex e-con-boxed wpr-particle-no wpr-jarallax-no wpr-parallax-no wpr-sticky-section-no wpr-equal-height-no e-con e-parent\" data-id=\"786ba7c\" data-element_type=\"container\" data-e-type=\"container\" data-settings=\"{&quot;background_background&quot;:&quot;classic&quot;}\">\n\t\t\t\t\t<div class=\"e-con-inner\">\n\t\t\t\t<div class=\"elementor-element elementor-element-a1ebfc0 elementor-widget elementor-widget-text-editor\" data-id=\"a1ebfc0\" data-element_type=\"widget\" data-e-type=\"widget\" data-widget_type=\"text-editor.default\">\n\t\t\t\t\t\t\t\t\t<p><span style=\"color: #808080;\">En somme, mon action \u00e0 vos c\u00f4t\u00e9s pourrait en une seule question \u00eatre r\u00e9sum\u00e9e ainsi :<\/span><\/p>\t\t\t\t\t\t\t\t<\/div>\n\t\t\t\t<div class=\"elementor-element elementor-element-b6c25c5 elementor-widget elementor-widget-heading\" data-id=\"b6c25c5\" data-element_type=\"widget\" data-e-type=\"widget\" data-widget_type=\"heading.default\">\n\t\t\t\t\t<h2 class=\"elementor-heading-title elementor-size-default\">Quelles seront les couleurs de votre bonheur ?<\/h2>\t\t\t\t<\/div>\n\t\t\t\t\t<\/div>\n\t\t\t\t<\/div>\n\t\t\t\t<\/div>\n\t\t","protected":false},"excerpt":{"rendered":"<p>Qui se cache derri\u00e8re la Rose de Camille ? Anne-Sophie, d\u00e9coratrice \u00e9v\u00e9nementielle amoureuse des amoureux et des moments de bonheur ! Bienveillante, douce, organis\u00e9e et cr\u00e9ative, je me suis lanc\u00e9e dans l\u2019aventure de la d\u00e9coration \u00e9v\u00e8nementielle pendant le premier confinement (2020), suite \u00e0 un bilan de comp\u00e9tences qui n\u2019a fait que r\u00e9veiller un r\u00eave depuis longtemps en sommeil, faire de ma passion mon m\u00e9tier. En effet, mari\u00e9e \u00e0 l\u2019homme de ma vie depuis 14 belles ann\u00e9es et maman de 2 loulous, Camille et Rose, j\u2019ai \u00e0 maintes reprises con\u00e7u et d\u00e9cor\u00e9 les \u00e9v\u00e8nements familiaux (mariage, bapt\u00eames, anniversaires, r\u00e9unions de famille\u2026) avec une passion et un go\u00fbt toujours intacts. Pouss\u00e9e par les encouragements de mon entourage, qui ont \u00e0 chaque fois su appr\u00e9cier mon travail de d\u00e9coration, et par une envie d\u2019accomplissement personnel et professionnel, c\u2019est comme une \u00e9vidence que La Rose de Camille a vu le jour en 2021. Ma mission Imaginer, accompagner, penser, proposer, cr\u00e9er, installer, peaufiner et voir vos yeux briller\u00a0! Attach\u00e9e aux choses bien faites, et soucieuse de chaque d\u00e9tail, r\u00e9pondre et m\u2019adapter \u00e0 vos envies sera ma priorit\u00e9 pour vous assurer une totale s\u00e9r\u00e9nit\u00e9. Ainsi, en vous conseillant et en vous orientant vers un choix pertinent et conforme \u00e0 vos attentes, nous trouverons ensemble la d\u00e9coration qui vous ressemble, et qui sublimera votre \u00e9v\u00e8nement. Trucs inutiles \u00e0 savoir \u00e0 mon sujet Sur mon t\u00e9l\u00e9phone, un post-it ou un bloc-notes, les to-do list sont ma vie. Quand je regarde Titanic, j\u2019esp\u00e8re toujours, secr\u00e8tement, qu\u2019ils \u00e9viteront l\u2019iceberg. Je me bouche encore le nez quand je plonge dans l\u2019eau. Ma plus grande phobie : les serpents. J\u2019aime faire plaisir aux personnes qui comptent pour moi. J\u2019adore les mots-crois\u00e9s mais seulement l\u2019\u00e9t\u00e9 en vacances. Anne-SophieWedding Designer &amp; D\u00e9coratrice \u00e9v\u00e9nementiel certifi\u00e9e En somme, mon action \u00e0 vos c\u00f4t\u00e9s pourrait en une seule question \u00eatre r\u00e9sum\u00e9e ainsi : Quelles seront les couleurs de votre bonheur ?<\/p>\n","protected":false},"author":1,"featured_media":0,"parent":0,"menu_order":0,"comment_status":"closed","ping_status":"closed","template":"","meta":{"site-sidebar-layout":"no-sidebar","site-content-layout":"","ast-site-content-layout":"full-width-container","site-content-style":"default","site-sidebar-style":"default","ast-global-header-display":"","ast-banner-title-visibility":"","ast-main-header-display":"","ast-hfb-above-header-display":"","ast-hfb-below-header-display":"","ast-hfb-mobile-header-display":"","site-post-title":"disabled","ast-breadcrumbs-content":"","ast-featured-img":"disabled","footer-sml-layout":"","ast-disable-related-posts":"","theme-transparent-header-meta":"","adv-header-id-meta":"","stick-header-meta":"","header-above-stick-meta":"","header-main-stick-meta":"","header-below-stick-meta":"","astra-migrate-meta-layouts":"default","ast-page-background-enabled":"default","ast-page-background-meta":{"desktop":{"background-color":"var(--ast-global-color-5)","background-image":"","background-repeat":"repeat","background-position":"center center","background-size":"auto","background-attachment":"scroll","background-type":"","background-media":"","overlay-type":"","overlay-color":"","overlay-opacity":"","overlay-gradient":""},"tablet":{"background-color":"","background-image":"","background-repeat":"repeat","background-position":"center center","background-size":"auto","background-attachment":"scroll","background-type":"","background-media":"","overlay-type":"","overlay-color":"","overlay-opacity":"","overlay-gradient":""},"mobile":{"background-color":"","background-image":"","background-repeat":"repeat","background-position":"center center","background-size":"auto","background-attachment":"scroll","background-type":"","background-media":"","overlay-type":"","overlay-color":"","overlay-opacity":"","overlay-gradient":""}},"ast-content-background-meta":{"desktop":{"background-color":"var(--ast-global-color-4)","background-image":"","background-repeat":"repeat","background-position":"center center","background-size":"auto","background-attachment":"scroll","background-type":"","background-media":"","overlay-type":"","overlay-color":"","overlay-opacity":"","overlay-gradient":""},"tablet":{"background-color":"var(--ast-global-color-4)","background-image":"","background-repeat":"repeat","background-position":"center center","background-size":"auto","background-attachment":"scroll","background-type":"","background-media":"","overlay-type":"","overlay-color":"","overlay-opacity":"","overlay-gradient":""},"mobile":{"background-color":"var(--ast-global-color-4)","background-image":"","background-repeat":"repeat","background-position":"center center","background-size":"auto","background-attachment":"scroll","background-type":"","background-media":"","overlay-type":"","overlay-color":"","overlay-opacity":"","overlay-gradient":""}},"footnotes":""},"class_list":["post-276","page","type-page","status-publish","hentry"],"_links":{"self":[{"href":"https:\/\/www.larosedecamille.fr\/index.php\/wp-json\/wp\/v2\/pages\/276","targetHints":{"allow":["GET"]}}],"collection":[{"href":"https:\/\/www.larosedecamille.fr\/index.php\/wp-json\/wp\/v2\/pages"}],"about":[{"href":"https:\/\/www.larosedecamille.fr\/index.php\/wp-json\/wp\/v2\/types\/page"}],"author":[{"embeddable":true,"href":"https:\/\/www.larosedecamille.fr\/index.php\/wp-json\/wp\/v2\/users\/1"}],"replies":[{"embeddable":true,"href":"https:\/\/www.larosedecamille.fr\/index.php\/wp-json\/wp\/v2\/comments?post=276"}],"version-history":[{"count":103,"href":"https:\/\/www.larosedecamille.fr\/index.php\/wp-json\/wp\/v2\/pages\/276\/revisions"}],"predecessor-version":[{"id":1368,"href":"https:\/\/www.larosedecamille.fr\/index.php\/wp-json\/wp\/v2\/pages\/276\/revisions\/1368"}],"wp:attachment":[{"href":"https:\/\/www.larosedecamille.fr\/index.php\/wp-json\/wp\/v2\/media?parent=276"}],"curies":[{"name":"wp","href":"https:\/\/api.w.org\/{rel}","templated":true}]}}